{"id":3678,"date":"2024-04-23T09:21:59","date_gmt":"2024-04-23T09:21:59","guid":{"rendered":"https:\/\/staging.glucofit.co\/vilkaar-og-betingelser\/"},"modified":"2024-06-28T06:15:17","modified_gmt":"2024-06-28T06:15:17","slug":"vilkaar-og-betingelser","status":"publish","type":"page","link":"https:\/\/staging.glucofit.co\/da\/vilkaar-og-betingelser\/","title":{"rendered":"Vilk\u00e5r og betingelser"},"content":{"rendered":"\t\t<div data-elementor-type=\"wp-page\" data-elementor-id=\"3678\" class=\"elementor elementor-3678 elementor-1879\" data-elementor-post-type=\"page\">\n\t\t\t\t<div class=\"elementor-element elementor-element-1d9106c1 e-con-full e-flex e-con e-parent\" data-id=\"1d9106c1\" data-element_type=\"container\">\n\t\t<div class=\"elementor-element elementor-element-7a7a0e2 innertop-banner-sctn e-flex e-con-boxed e-con e-child\" data-id=\"7a7a0e2\" data-element_type=\"container\" data-settings=\"{&quot;background_background&quot;:&quot;gradient&quot;}\">\n\t\t\t\t\t<div class=\"e-con-inner\">\n\t\t<div class=\"elementor-element elementor-element-e0a7e8b e-con-full e-flex e-con e-child\" data-id=\"e0a7e8b\" data-element_type=\"container\">\n\t\t\t\t<div class=\"elementor-element elementor-element-8ec0b82 elementor-widget elementor-widget-heading\" data-id=\"8ec0b82\" data-element_type=\"widget\" data-widget_type=\"heading.default\">\n\t\t\t\t<div class=\"elementor-widget-container\">\n\t\t\t<h1 class=\"elementor-heading-title elementor-size-default\">Vilk\u00e5r og betingelser<\/h1>\t\t<\/div>\n\t\t\t\t<\/div>\n\t\t\t\t<\/div>\n\t\t\t\t\t<\/div>\n\t\t\t\t<\/div>\n\t\t\t\t<\/div>\n\t\t<div class=\"elementor-element elementor-element-15bf3a4 e-flex e-con-boxed e-con e-parent\" data-id=\"15bf3a4\" data-element_type=\"container\">\n\t\t\t\t\t<div class=\"e-con-inner\">\n\t\t\t\t<div class=\"elementor-element elementor-element-b43dbf0 gernal-content elementor-widget elementor-widget-text-editor\" data-id=\"b43dbf0\" data-element_type=\"widget\" data-widget_type=\"text-editor.default\">\n\t\t\t\t<div class=\"elementor-widget-container\">\n\t\t\t\t\t\t\t\n<h3 class=\"wp-block-heading\">1 Kontraktpartner<\/h3>\n\n\n\n<p>Nobu Digital BV<br>Marnixstraat 160<br>Amsterdam &#8211; 1016 TG<br>Holland<\/p>\n\n\n\n<p>Kaldes kontraktpartner i den f\u00f8lgende tekst.<\/p>\n\n\n\n<h3 class=\"wp-block-heading\">2 Generelt, anvendelsesomr\u00e5de<\/h3>\n\n\n\n<p>Alle tjenester, der leveres af kontraktpartneren til kunden, skal udf\u00f8res<br>udelukkende p\u00e5 grundlag af f\u00f8lgende generelle vilk\u00e5r og betingelser. Afvigende bestemmelser g\u00e6lder kun i det omfang, de er aftalt mellem kontraktpartneren og kunden eller udtrykkeligt fremg\u00e5r af disse generelle vilk\u00e5r og betingelser.<\/p>\n\n\n\n<h3 class=\"wp-block-heading\">3 Betaling, forfaldsdato, misligholdelse af betaling<\/h3>\n\n\n\n<ol>\n<li>Betaling for varerne kan ske med kreditkort eller PayPal,<br>Umiddelbar bankoverf\u00f8rsel eller p\u00e5 konto. Kontraktpartneren forbeholder sig ret til at<br>at acceptere eller udelukke visse betalingsmetoder i individuelle tilf\u00e6lde.<\/li>\n\n\n\n<li>Ved betaling med Paypal forpligter kunden sig til at betale k\u00f8bsprisen efter<br>indg\u00e5else af kontrakten uden forsinkelse.<\/li>\n\n\n\n<li>Hvis kunden er i betalingsmisligholdelse, er han berettiget til enhver<br>uagtsomhed. Han er ogs\u00e5 ansvarlig for sammentr\u00e6f p\u00e5 grund af tjenesten, medmindre,<br>at skaden ville v\u00e6re sket, selv om betalingen var sket til tiden.<\/li>\n\n\n\n<li>K\u00f8besummen er renteb\u00e6rende i misligholdelsesperioden. Standardrenten er<br>fem procentpoint over basisrenten for \u00e5ret. For juridiske transaktioner, der involverer<br>hvor en forbruger ikke er involveret, er renten otte procentpoint over<br>basisrenten.<\/li>\n\n\n\n<li>Det er ikke udelukket at kr\u00e6ve yderligere erstatning.<\/li>\n<\/ol>\n\n\n\n<h3 class=\"wp-block-heading\">4 Levering<\/h3>\n\n\n\n<ol>\n<li>Levering sker ved at sende varerne til den adresse, som kunden har angivet.<br>Adresse. Leveringstiden er normalt 3-5 arbejdsdage efter modtagelse af ordren.<br>K\u00f8bspris. Denne information er ikke bindende, medmindre andet er aftalt.<\/li>\n\n\n\n<li>Leveringen vil blive foretaget mod<br>Emballage- og forsendelsesomkostninger. Ved levering til udlandet, medmindre andet er aftalt<br>Prisen for emballage og forsendelse angives separat efter v\u00e6gt.<br>beregnet. Hvis kunden anmoder om en s\u00e6rlig type forsendelse, der kr\u00e6ver h\u00f8jere<br>omkostninger, skal han ogs\u00e5 afholde disse ekstra omkostninger.<\/li>\n<\/ol>\n\n\n\n<h3 class=\"wp-block-heading\">5 Bevarelse af ejendomsretten<\/h3>\n\n\n\n<p>Varerne forbliver kontraktpartnerens ejendom, indtil fuld betaling har fundet sted.<br>Pants\u00e6tning, overdragelse af ejendomsret i form af sikkerhedsstillelse, forarbejdning, overdragelse af ejendomsret<br>eller redesign uden udtrykkeligt samtykke fra kontraktpartneren.<br>tilladt.<\/p>\n\n\n\n<h3 class=\"wp-block-heading\">6 Priser<\/h3>\n\n\n\n<ol>\n<li>Den angivne pris for vores varer er den endelige pris,<br>inklusive eventuel g\u00e6ldende moms og andre priskomponenter. Den<br>Prisen inkluderer ikke leverings- og forsendelsesomkostninger.<\/li>\n\n\n\n<li>Med opdateringen af kontraktpartnerens internetsider forsvinder alle tidligere<br>Priser og andre oplysninger om varer er ugyldige.<\/li>\n\n\n\n<li>Prisen p\u00e5 det tidspunkt, hvor fakturaen udstedes, er afg\u00f8rende for faktureringen.<br>Tilbud fra kunden.<\/li>\n<\/ol>\n\n\n\n<h3 class=\"wp-block-heading\"><br>7 Ret til tilbagekaldelse<\/h3>\n\n\n\n<ol>\n<li>Kontraktpartneren har ogs\u00e5 ret til at tr\u00e6de tilbage fra kontrakten med hensyn til en udest\u00e5ende<br>en del af leveringen eller tjenesten, hvis der gives falske oplysninger om leveringen eller tjenesten.<br>kundens kreditv\u00e6rdighed er blevet foretaget eller objektive grunde vedr\u00f8rende<br>kundens evne til at betale, og kunden kan p\u00e5 anmodning af<br>kontraktpartner, hverken foretager forudbetaling eller leverer en passende<br>sikkerhed, eller hvis der indledes insolvensbehandling mod kundens aktiver.<br>eller der er indgivet beg\u00e6ring om indledning af insolvensbehandling p\u00e5 grund af manglende<br>aktiver til at d\u00e6kke omkostningerne.<\/li>\n\n\n\n<li>Uafh\u00e6ngigt af kontraktpartnerens krav om erstatning, i tilf\u00e6lde af<br>delvis tilbagetr\u00e6kning, skal allerede udf\u00f8rte delydelser faktureres og betales i henhold til kontrakten.<br>betale.<\/li>\n<\/ol>\n\n\n\n<p>Politik for afbestilling<br>Du har ret til at annullere denne kontrakt inden for 14 dage uden at angive nogen grund.<br>at tilbagekalde.<br>Fortrydelsesfristen er fjorten dage:<\/p>\n\n\n\n<ol>\n<li>I tilf\u00e6lde af en k\u00f8bsaftale fra den dag, hvor du eller en af jer<br>en navngiven tredjepart, som ikke er transport\u00f8ren, har taget godset i besiddelse<br>har eller har.<\/li>\n\n\n\n<li>I tilf\u00e6lde af en kontrakt om flere varer, der skal leveres som en del af en<br>blev bestilt som en enkelt ordre, og som leveres separat fra<br>den dag, hvor du eller en tredjepart, der er udpeget af dig, og som ikke er<br>transport\u00f8r, har taget de sidste varer i besiddelse.<\/li>\n\n\n\n<li>I tilf\u00e6lde af en kontrakt om regelm\u00e6ssig levering af varer via en<br>periode fra den dag, hvor du eller en af dine autoriserede<br>en navngiven tredjepart, som ikke er transport\u00f8ren, tager det f\u00f8rste gods i besiddelse.<br>har taget eller har taget.<\/li>\n<\/ol>\n\n\n\n<p>For at ud\u00f8ve din fortrydelsesret skal du informere kontraktpartneren ved hj\u00e6lp af en<br>klar erkl\u00e6ring (f.eks. et brev sendt med posten eller en e-mail) om din<br>informere os om din beslutning om at tr\u00e6kke dig ud af denne kontrakt. Udfyld venligst<br>f\u00f8lgende fortrydelsesformular og f\u00e5 den underskrevet og sendt til os via e-mail<br>at komme:<\/p>\n\n\n\n<p>&#8211; Eksempel p\u00e5 fortrydelsesblanket &#8211; begyndelse<\/p>\n\n\n\n<p>Tilbagekaldelse<\/p>\n\n\n\n<p>Jeg\/vi (*) tilbagekalder hermed den kontrakt, som jeg\/vi (*) har indg\u00e5et for<br>K\u00f8b af f\u00f8lgende varer (*)\/levering af f\u00f8lgende tjenesteydelser (*):<br>__________________________<br>____________________________________________________<br>____________________________________________________<\/p>\n\n\n\n<p>Bestillingsnummer\/ordre: ___________________________________<br>Bestilt den (*)\/modtaget den (*):<br>__________________________________________<br>Navn p\u00e5 forbruger(e):<br>__________________________________________<br>Adresse p\u00e5 forbruger(e):<br>__________________________________________<br>________________________________________<br>Underskrift af forbruger(e)<\/p>\n\n\n\n<p>Dato: __________________________________<\/p>\n\n\n\n<p>(*) Slet det relevante.<\/p>\n\n\n\n<p>&#8211; Eksempel p\u00e5 fortrydelsesformular End-<\/p>\n\n\n\n<p>For at overholde fortrydelsesfristen er det tilstr\u00e6kkeligt, at du sender din meddelelse om ud\u00f8velse af fortrydelsesretten, inden fortrydelsesfristen er udl\u00f8bet.<\/p>\n\n\n\n<h3 class=\"wp-block-heading\"><br>Konsekvenser af tilbagekaldelse<\/h3>\n\n\n\n<p>Hvis du tr\u00e6kker dig fra denne kontrakt, vil vi have refunderet alle betalinger, vi har modtaget fra dig.<br>inklusive leveringsomkostninger (med undtagelse af ekstra omkostninger,<br>som f\u00f8lge af, at du har valgt en anden type levering end den, vi tilbyder.<br>tilbudt, mest fordelagtige standardlevering), uden un\u00f8dig forsinkelse og ikke senere end<br>inden for fjorten dage fra den dag, hvor du modtager meddelelsen om din<br>tilbagekaldelse af denne kontrakt er modtaget af os. Til denne tilbagebetaling skal du bruge<br>det samme betalingsmiddel, som du brugte til den oprindelige transaktion.<br>har, medmindre andet udtrykkeligt er aftalt med dig; under ingen omst\u00e6ndigheder skal<br>I dette tilf\u00e6lde vil du blive opkr\u00e6vet gebyrer for denne tilbagebetaling.<br>Vi kan n\u00e6gte at foretage en tilbagebetaling, f\u00f8r vi har modtaget varerne tilbage.<br>eller indtil du har fremlagt bevis for, at du har returneret varerne.<br>afh\u00e6ngigt af, hvad der er det tidligere tidspunkt.<br>Du skal returnere varerne med det samme og under alle omst\u00e6ndigheder inden for 14 dage.<br>dage fra den dag, hvor du informerer os om tilbagekaldelsen af denne kontrakt til<br>returneres eller overdrages til kontraktpartneren. Fristen er overholdt, hvis<br>du sender varerne, f\u00f8r perioden p\u00e5 fjorten dage er udl\u00f8bet.<br>Returneringer accepteres kun, hvis varerne sendes tilbage portofrit.<br>med angivelse af navn, adresse, telefonnummer og ordrenummer.<br>Du skal kun betale for et eventuelt v\u00e6rditab p\u00e5 varerne, hvis dette<br>tab af v\u00e6rdi til en til unders\u00f8gelse af tilstand, egenskaber og<br>Varernes funktionalitet er ikke n\u00f8dvendig at h\u00e5ndtere med dem.<\/p>\n\n\n\n<h3 class=\"wp-block-heading\"><br>Udelukkelse af fortrydelsesretten<\/h3>\n\n\n\n<p>Ordrer p\u00e5 forseglede varer, f.eks. ogs\u00e5 p\u00e5 kosttilskud, som<br>ikke egnet til returnering af hensyn til sundhedsbeskyttelse eller hygiejne<br>hvis deres forsegling er blevet fjernet efter levering eller fra varer, der er blevet<br>ikke er pr\u00e6fabrikerede, og til hvis produktion der foretages en individuel udv\u00e6lgelse eller<br>forbrugeren er afg\u00f8rende, eller som klart henviser til forbrugerens<br>er skr\u00e6ddersyet til forbrugerens personlige behov eller af varer, der er<br>\u00f8del\u00e6gges hurtigt, eller hvis udl\u00f8bsdato hurtigt ville blive overskredet,<br>kan ikke tilbagekaldes.<br>&#8211; Slut p\u00e5 tilbagetr\u00e6kningspolitikken<\/p>\n\n\n\n<h3 class=\"wp-block-heading\"><br>8 Garanti<\/h3>\n\n\n\n<ol>\n<li>Hvis varen er mangelfuld, har kunden ret til, som efteropfyldelse i henhold til sin<br>valg af afhj\u00e6lpning af manglen eller levering af en mangelfri vare<br>eftersp\u00f8rgsel. Kontraktpartneren kan v\u00e6lge den type efterf\u00f8lgende ydelse, som kunden har valgt.<br>hvis det kun er muligt med uforholdsm\u00e6ssigt store omkostninger. Disse er<br>is\u00e6r v\u00e6rdien af genstanden i fejlfri tilstand, betydningen af<br>mangel og sp\u00f8rgsm\u00e5let om, hvorvidt den anden type efterf\u00f8lgende ydelse kan v\u00e6re<br>kunne bruges uden v\u00e6sentlige ulemper for k\u00f8beren. P\u00e5standen<br>af kunden er i dette tilf\u00e6lde begr\u00e6nset til den anden type efterf\u00f8lgende ydelse; den<br>kontraktpartnerens ret til ogs\u00e5 at kr\u00e6ve disse i henhold til betingelserne i s\u00e6tning 1<br>Retten til at n\u00e6gte brug af varerne forbliver up\u00e5virket.<\/li>\n\n\n\n<li>Hvis varerne allerede er blevet brugt, kan slitage eller<br>ukorrekt brug af varerne efter returnering, er der konstateret en v\u00e6rdiforringelse.<br>som modregnes i en tilbagebetaling af k\u00f8bsprisen.<\/li>\n\n\n\n<li>Hvis k\u00f8bet er en kommerciel transaktion for begge parter, skal kunden<br>umiddelbart efter levering, for s\u00e5 vidt som dette er muligt i den almindelige forretningsgang.<br>kan lade sig g\u00f8re. Hvis der viser sig en mangel, har han givet os dette<br>med det samme. Hvis kunden undlader at underrette os, anses varerne for at v\u00e6re<br>godkendt, medmindre den p\u00e5g\u00e6ldende defekt er en, der ikke er blevet<br>Unders\u00f8gelsen var ikke genkendelig. Hvis en s\u00e5dan mangel viser sig p\u00e5 et senere tidspunkt, skal<br>foretages umiddelbart efter opdagelsen; ellers anses varerne for at v\u00e6re<br>betragtes ogs\u00e5 som godkendt i betragtning af denne mangel. Disse bestemmelser g\u00e6lder ikke,<br>hvis manglen blev skjult p\u00e5 svigagtig vis. At bevare kundens rettigheder<br>rettidig afsendelse af meddelelsen er tilstr\u00e6kkelig.<\/li>\n\n\n\n<li>Hvis kontraktpartneren leverer en mangelfri genstand med henblik p\u00e5 efterf\u00f8lgende opfyldelse,<br>kan han kr\u00e6ve, at kunden returnerer den defekte vare.<\/li>\n\n\n\n<li>Skader for\u00e5rsaget af ukorrekte eller ikke-kontraktm\u00e6ssige foranstaltninger fra kundens side,<br>under installation, tilslutning, drift eller opbevaring,<br>udg\u00f8r ikke et krav mod kontraktpartneren. Det uhensigtsm\u00e6ssige og<br>Den manglende overensstemmelse bestemmes is\u00e6r af oplysningerne fra producenten af<br>leverede varer.<\/li>\n<\/ol>\n\n\n\n<h3 class=\"wp-block-heading\">9 Begr\u00e6nsning af ansvar<\/h3>\n\n\n\n<ol>\n<li>For andre krav end dem, der opst\u00e5r som f\u00f8lge af skade p\u00e5 liv, lemmer og helbred<br>Kontraktpartneren er kun ansvarlig for skader, i det omfang disse skader skyldes fors\u00e6tlige eller<br>grov uagtsomhed eller fors\u00e6tlig misligholdelse af en v\u00e6sentlig kontraktlig forpligtelse.<br>kontraktlige forpligtelse af kontraktpartneren eller dennes stedfortr\u00e6dende agenter. En<br>Ethvert yderligere erstatningsansvar er udelukket. Den<br>Bestemmelserne i produktansvarsloven forbliver up\u00e5virket af dette.<\/li>\n\n\n\n<li>I henhold til det nuv\u00e6rende tekniske niveau kan datakommunikation via<br>Internettet kan ikke garanteres at v\u00e6re fejlfrit og\/eller tilg\u00e6ngeligt p\u00e5 alle tidspunkter. Den<br>Kontraktpartneren er derfor ikke ansvarlig for tilg\u00e6ngeligheden af onlinebutikken til enhver tid.<\/li>\n<\/ol>\n\n\n\n<h3 class=\"wp-block-heading\">10 Databeskyttelse<\/h3>\n\n\n\n<p>Alle personlige data, der er n\u00f8dvendige for udf\u00f8relsen af ordren, gemmes i<br>opbevares i maskinl\u00e6sbar form og behandles fortroligt. De data, der kr\u00e6ves til behandling<br>data, der er n\u00f8dvendige for en ordre, s\u00e5som navn og adresse, gemmes i<br>Udf\u00f8relse af leveringen til den part, der har f\u00e5et til opgave at levere varerne<br>videregivet til virksomheden.<\/p>\n\n\n\n<h3 class=\"wp-block-heading\">11 Sted for jurisdiktion<\/h3>\n\n\n\n<p>De kontraherende parter er enige om at anvende hollandsk lov.<br>V\u00e6rneting for tvister, der opst\u00e5r i forbindelse med kontrakten, er Amsterdam.<br>Enig.<\/p>\n\n\n\n<h3 class=\"wp-block-heading\">12 Klausul om adskillelse<\/h3>\n\n\n\n<p>Hvis nogen bestemmelse i disse GTC er eller bliver ugyldig eller ikke kan h\u00e5ndh\u00e6ves,<br>de resterende bestemmelser i disse GTC forbliver up\u00e5virkede.<\/p>\n\n\n\n<h3 class=\"wp-block-heading\">13 Tilbagetr\u00e6kning fra kontrakten<\/h3>\n\n\n\n<p>I tilf\u00e6lde af en berettiget tilbagetr\u00e6kning fra kontrakten af en forbruger, en<br>Tilbagebetaling af k\u00f8bskontrakten kun trin for trin mod tilbagelevering af de varer, der er leveret af<br>varer, der er modtaget af k\u00f8beren. Betingelsen for dette er, at varerne skal v\u00e6re i deres originale emballage og<br>er ubeskadiget, og den originale faktura er vedlagt. I tilf\u00e6lde af artikler, der er<br>tegn p\u00e5 brug er forringet, eller deres emballage er beskadiget, en<br>passende kompensation for v\u00e6rdiforringelsen. Omkostningerne ved<br>Returnering sker p\u00e5 k\u00f8bers regning.<br>Klarna<br>I samarbejde med&nbsp;<a href=\"https:\/\/www.klarna.com\/de\/\">Klarna Bank AB (publ)<\/a>, Sveav\u00e4gen 46, 111 34 Stockholm,<br>I Sverige tilbyder vi f\u00f8lgende betalingsmuligheder. Betaling sker i hvert enkelt tilf\u00e6lde<br>til Klarna:<\/p>\n\n\n\n<ul>\n<li>Faktura: Betalingsfristen er [14] dage fra afsendelse af varen\/billetten\/.<br>eller, i tilf\u00e6lde af andre tjenester, levering af<br>Service. De komplette faktureringsbetingelser for landene i<br>hvor denne betalingsmetode er tilg\u00e6ngelig, kan findes her: Tyskland, \u00d8strig.<\/li>\n\n\n\n<li>K\u00f8b p\u00e5 afbetaling: Med Klarnas finansieringstjeneste kan du betale for dit k\u00f8b i rater.<br>faste eller fleksible m\u00e5nedlige afdrag til de satser, der er angivet i kasseapparatet.<br>L\u00f8nforhold. Betaling i rater forfalder i slutningen af m\u00e5neden efter<br>Betalingen forfalder, n\u00e5r Klarna sender en m\u00e5nedlig faktura. Yderligere information<br>for k\u00f8b p\u00e5 afbetaling, herunder de generelle vilk\u00e5r og betingelser og<br>Europ\u00e6iske standardoplysninger for forbrugerkredit for landene i<br>hvor denne betalingsmetode er tilg\u00e6ngelig, kan findes her (kun i de angivne<br>tilg\u00e6ngelige lande): Tyskland, \u00d8strig.<\/li>\n\n\n\n<li>Sofort\u00fcberweisung: Tilg\u00e6ngelig i Tyskland, \u00d8strig. Belastningen p\u00e5 din<br>konto umiddelbart efter afgivelse af ordren.<\/li>\n\n\n\n<li>Direkte debitering: Bel\u00f8bet tr\u00e6kkes, n\u00e5r varerne er afsendt. Tiden vil v\u00e6re<br>Du f\u00e5r besked via e-mail. Yderligere information kan findes her.<\/li>\n\n\n\n<li>Kreditkort (Visa\/Mastercard): Tilg\u00e6ngelig i Tyskland. Debiteringen er foretaget<br>efter afsendelse af varerne eller billetterne\/tilg\u00e6ngeligheden af tjenesten eller i tilf\u00e6lde af<br>af et abonnement i henhold til de meddelte tider.<\/li>\n<\/ul>\n\n\n\n<p><br>Brugen af betalingsmetoderne faktura, afbetalingsk\u00f8b og direkte debitering kr\u00e6ver en positiv<br>Kreditvurdering p\u00e5kr\u00e6vet. I den forbindelse videregiver vi dine data som en del af k\u00f8bsoprettelsen.<br>og behandling af k\u00f8bskontrakten til Klarna med henblik p\u00e5 adresse og<br>Kreditvurderingen forts\u00e6tter. Forst\u00e5 venligst, at vi kun kan tilbyde dig de<br>tilbyde betalingsmetoder, der er tilladt baseret p\u00e5 resultaterne af kreditvurderingen.<br>er. Yderligere information og Klarnas brugsbetingelser kan findes her.<br>Du kan finde generel information om Klarna her. Dine personlige data vil blive<br>af Klarna i overensstemmelse med de g\u00e6ldende databeskyttelsesbestemmelser og<br>behandles i overensstemmelse med oplysningerne i Klarnas privatlivspolitik.<\/p>\n\t\t\t\t\t\t<\/div>\n\t\t\t\t<\/div>\n\t\t\t\t\t<\/div>\n\t\t\t\t<\/div>\n\t\t\t\t<\/div>\n\t\t","protected":false},"excerpt":{"rendered":"<p>Vilk\u00e5r og betingelser 1 Kontraktpartner Nobu Digital BVMarnixstraat 160Amsterdam &#8211; 1016 TGHolland Kaldes kontraktpartner i den f\u00f8lgende tekst. 2 Generelt, anvendelsesomr\u00e5de Alle tjenester, der leveres af kontraktpartneren til kunden, skal udf\u00f8resudelukkende p\u00e5 grundlag af f\u00f8lgende generelle vilk\u00e5r og betingelser. Afvigende bestemmelser g\u00e6lder kun i det omfang, de er aftalt mellem kontraktpartneren og kunden eller udtrykkeligt [&hellip;]<\/p>\n","protected":false},"author":1,"featured_media":0,"parent":0,"menu_order":0,"comment_status":"closed","ping_status":"closed","template":"elementor_header_footer","meta":{"_acf_changed":false,"bwfblock_default_font":"","inline_featured_image":false,"footnotes":""},"class_list":["post-3678","page","type-page","status-publish","hentry"],"acf":[],"_links":{"self":[{"href":"https:\/\/staging.glucofit.co\/da\/wp-json\/wp\/v2\/pages\/3678"}],"collection":[{"href":"https:\/\/staging.glucofit.co\/da\/wp-json\/wp\/v2\/pages"}],"about":[{"href":"https:\/\/staging.glucofit.co\/da\/wp-json\/wp\/v2\/types\/page"}],"author":[{"embeddable":true,"href":"https:\/\/staging.glucofit.co\/da\/wp-json\/wp\/v2\/users\/1"}],"replies":[{"embeddable":true,"href":"https:\/\/staging.glucofit.co\/da\/wp-json\/wp\/v2\/comments?post=3678"}],"version-history":[{"count":2,"href":"https:\/\/staging.glucofit.co\/da\/wp-json\/wp\/v2\/pages\/3678\/revisions"}],"predecessor-version":[{"id":4492,"href":"https:\/\/staging.glucofit.co\/da\/wp-json\/wp\/v2\/pages\/3678\/revisions\/4492"}],"wp:attachment":[{"href":"https:\/\/staging.glucofit.co\/da\/wp-json\/wp\/v2\/media?parent=3678"}],"curies":[{"name":"wp","href":"https:\/\/api.w.org\/{rel}","templated":true}]}}