{"id":3638,"date":"2024-02-26T09:44:57","date_gmt":"2024-02-26T09:44:57","guid":{"rendered":"https:\/\/staging.glucofit.co\/ingredienser\/"},"modified":"2024-06-30T13:31:38","modified_gmt":"2024-06-30T13:31:38","slug":"ingredienser","status":"publish","type":"page","link":"https:\/\/staging.glucofit.co\/da\/ingredienser\/","title":{"rendered":"Ingredienser"},"content":{"rendered":"\t\t<div data-elementor-type=\"wp-page\" data-elementor-id=\"3638\" class=\"elementor elementor-3638 elementor-1127\" data-elementor-post-type=\"page\">\n\t\t\t\t<div class=\"elementor-element elementor-element-f3c407e innertop-banner-sctn e-con-full e-flex e-con e-parent\" data-id=\"f3c407e\" data-element_type=\"container\" data-settings=\"{&quot;background_background&quot;:&quot;gradient&quot;}\">\n\t\t<div class=\"elementor-element elementor-element-8b3c007 e-flex e-con-boxed e-con e-child\" data-id=\"8b3c007\" data-element_type=\"container\">\n\t\t\t\t\t<div class=\"e-con-inner\">\n\t\t\t\t<div class=\"elementor-element elementor-element-88eab1e elementor-widget elementor-widget-heading\" data-id=\"88eab1e\" data-element_type=\"widget\" data-widget_type=\"heading.default\">\n\t\t\t\t<div class=\"elementor-widget-container\">\n\t\t\t<h1 class=\"elementor-heading-title elementor-size-default\">Ingredienser<\/h1>\t\t<\/div>\n\t\t\t\t<\/div>\n\t\t\t\t\t<\/div>\n\t\t\t\t<\/div>\n\t\t\t\t<\/div>\n\t\t<div class=\"elementor-element elementor-element-7fc6b1b e-flex e-con-boxed e-con e-parent\" data-id=\"7fc6b1b\" data-element_type=\"container\" data-settings=\"{&quot;background_background&quot;:&quot;classic&quot;}\">\n\t\t\t\t\t<div class=\"e-con-inner\">\n\t\t<div class=\"elementor-element elementor-element-c8f1cd6 e-con-full e-flex e-con e-child\" data-id=\"c8f1cd6\" data-element_type=\"container\">\n\t\t\t\t<div class=\"elementor-element elementor-element-7a54fd9 elementor-widget elementor-widget-heading\" data-id=\"7a54fd9\" data-element_type=\"widget\" data-widget_type=\"heading.default\">\n\t\t\t\t<div class=\"elementor-widget-container\">\n\t\t\t<h2 class=\"elementor-heading-title elementor-size-default\">Ingredienser<\/h2>\t\t<\/div>\n\t\t\t\t<\/div>\n\t\t\t\t<div class=\"elementor-element elementor-element-e86842b elementor-widget-divider--view-line elementor-widget elementor-widget-divider\" data-id=\"e86842b\" data-element_type=\"widget\" data-widget_type=\"divider.default\">\n\t\t\t\t<div class=\"elementor-widget-container\">\n\t\t\t\t\t<div class=\"elementor-divider\">\n\t\t\t<span class=\"elementor-divider-separator\">\n\t\t\t\t\t\t<\/span>\n\t\t<\/div>\n\t\t\t\t<\/div>\n\t\t\t\t<\/div>\n\t\t\t\t<div class=\"elementor-element elementor-element-29010d7 ingred-table elementor-widget elementor-widget-text-editor\" data-id=\"29010d7\" data-element_type=\"widget\" data-widget_type=\"text-editor.default\">\n\t\t\t\t<div class=\"elementor-widget-container\">\n\t\t\t\t\t\t\t<div class=\"table\">\n<table>\n<thead>\n<tr>\n<th>Ingrediens &#8211; 1 tablet<\/th>\n<th> <\/th>\n<th>% AF NRV*<\/th>\n<\/tr>\n<\/thead>\n<tbody>\n<tr>\n<td>Calcium<\/td>\n<td>360 mg<\/td>\n<td>45 %<\/td>\n<\/tr>\n<tr>\n<td>Magnesium<\/td>\n<td>80 mg<\/td>\n<td>21.3 %<\/td>\n<\/tr>\n<tr>\n<td>Cinamon-ekstrakt 4:1<\/td>\n<td>30 mg<\/td>\n<td>**<\/td>\n<\/tr>\n<tr>\n<td>Berberin 4:1<\/td>\n<td>30 mg<\/td>\n<td>**<\/td>\n<\/tr>\n<tr>\n<td>E-vitamin<\/td>\n<td>15 mg \u03b1-TE<\/td>\n<td>125 %<\/td>\n<\/tr>\n<tr>\n<td>Ekstrakt af r\u00f8d g\u00e6rris 4:1<\/td>\n<td>30 mg<\/td>\n<td>**<\/td>\n<\/tr>\n<tr>\n<td>B3-vitamin<\/td>\n<td>18 mg<\/td>\n<td>56.1 %<\/td>\n<\/tr>\n<tr>\n<td>Bukkehornsekstrakt 20:1<\/td>\n<td>10 mg<\/td>\n<td>**<\/td>\n<\/tr>\n<tr>\n<td>D3-vitamin<\/td>\n<td>1000 IE, 25 \u03bcg<\/td>\n<td>500 %<\/td>\n<\/tr>\n<tr>\n<td>Krom<\/td>\n<td>200 mcg<\/td>\n<td>500 %<\/td>\n<\/tr>\n<tr>\n<td>Biotin (vitamin B7)<\/td>\n<td>300 mcg<\/td>\n<td>600 %<\/td>\n<\/tr>\n<tr>\n<td>Selen<\/td>\n<td>50 ug<\/td>\n<td>91 %<\/td>\n<\/tr>\n<\/tbody>\n<\/table>\n<\/div>\n\t\t\t\t\t\t<\/div>\n\t\t\t\t<\/div>\n\t\t\t\t<div class=\"elementor-element elementor-element-349c41e elementor-widget elementor-widget-text-editor\" data-id=\"349c41e\" data-element_type=\"widget\" data-widget_type=\"text-editor.default\">\n\t\t\t\t<div class=\"elementor-widget-container\">\n\t\t\t\t\t\t\t<p>* Procentdel af referencev\u00e6rdi<br \/>** Ingen anbefaling tilg\u00e6ngelig<br \/>Anvendelse: Voksne 2 tabletter om dagen, der skal tages sammen med mad.<\/p>\n\t\t\t\t\t\t<\/div>\n\t\t\t\t<\/div>\n\t\t\t\t<div class=\"elementor-element elementor-element-1b07080 elementor-align-left elementor-hidden-phone cstm-btn elementor-widget elementor-widget-button\" data-id=\"1b07080\" data-element_type=\"widget\" data-widget_type=\"button.default\">\n\t\t\t\t<div class=\"elementor-widget-container\">\n\t\t\t\t\t<div class=\"elementor-button-wrapper\">\n\t\t\t<a class=\"elementor-button elementor-button-link elementor-size-md\" href=\"https:\/\/glucofit.co\/da\/checkout\/\">\n\t\t\t\t\t\t<span class=\"elementor-button-content-wrapper\">\n\t\t\t\t\t\t<span class=\"elementor-button-icon\">\n\t\t\t\t<svg aria-hidden=\"true\" class=\"e-font-icon-svg e-fas-long-arrow-alt-right\" viewBox=\"0 0 448 512\" xmlns=\"http:\/\/www.w3.org\/2000\/svg\"><path d=\"M313.941 216H12c-6.627 0-12 5.373-12 12v56c0 6.627 5.373 12 12 12h301.941v46.059c0 21.382 25.851 32.09 40.971 16.971l86.059-86.059c9.373-9.373 9.373-24.569 0-33.941l-86.059-86.059c-15.119-15.119-40.971-4.411-40.971 16.971V216z\"><\/path><\/svg>\t\t\t<\/span>\n\t\t\t\t\t\t\t\t\t<span class=\"elementor-button-text\">K\u00f8b nu<\/span>\n\t\t\t\t\t<\/span>\n\t\t\t\t\t<\/a>\n\t\t<\/div>\n\t\t\t\t<\/div>\n\t\t\t\t<\/div>\n\t\t\t\t<\/div>\n\t\t<div class=\"elementor-element elementor-element-6d7c508 e-con-full e-flex e-con e-child\" data-id=\"6d7c508\" data-element_type=\"container\">\n\t\t\t\t<div class=\"elementor-element elementor-element-160a46c elementor-widget elementor-widget-image\" data-id=\"160a46c\" data-element_type=\"widget\" data-widget_type=\"image.default\">\n\t\t\t\t<div class=\"elementor-widget-container\">\n\t\t\t\t\t\t\t\t\t\t\t\t\t<img fetchpriority=\"high\" decoding=\"async\" width=\"261\" height=\"506\" src=\"https:\/\/staging.glucofit.co\/wp-content\/uploads\/2024\/03\/himero-prod.png\" class=\"attachment-large size-large wp-image-1231\" alt=\"\" srcset=\"https:\/\/staging.glucofit.co\/wp-content\/uploads\/2024\/03\/himero-prod.png 261w, https:\/\/staging.glucofit.co\/wp-content\/uploads\/2024\/03\/himero-prod-155x300.png 155w\" sizes=\"(max-width: 261px) 100vw, 261px\" \/>\t\t\t\t\t\t\t\t\t\t\t\t\t<\/div>\n\t\t\t\t<\/div>\n\t\t\t\t<\/div>\n\t\t\t\t\t<\/div>\n\t\t\t\t<\/div>\n\t\t<div class=\"elementor-element elementor-element-7f20956 e-flex e-con-boxed e-con e-parent\" data-id=\"7f20956\" data-element_type=\"container\" data-settings=\"{&quot;background_background&quot;:&quot;classic&quot;}\">\n\t\t\t\t\t<div class=\"e-con-inner\">\n\t\t<div class=\"elementor-element elementor-element-4086598 e-flex e-con-boxed e-con e-child\" data-id=\"4086598\" data-element_type=\"container\">\n\t\t\t\t\t<div class=\"e-con-inner\">\n\t\t\t\t<div class=\"elementor-element elementor-element-7f6c5e8 elementor-widget elementor-widget-text-editor\" data-id=\"7f6c5e8\" data-element_type=\"widget\" data-widget_type=\"text-editor.default\">\n\t\t\t\t<div class=\"elementor-widget-container\">\n\t\t\t\t\t\t\t<p>Individuelle resultater kan variere, og det h\u00e6vdes ikke, at udtalelser afspejler typiske resultater. Alle udtalelser er fra virkelige deltagere og afspejler muligvis ikke den typiske k\u00f8bers oplevelse og er ikke beregnet til at repr\u00e6sentere eller garantere, at nogen vil opn\u00e5 de samme eller lignende resultater.<\/p>\n\t\t\t\t\t\t<\/div>\n\t\t\t\t<\/div>\n\t\t\t\t<div class=\"elementor-element elementor-element-d941c1c elementor-widget elementor-widget-text-editor\" data-id=\"d941c1c\" data-element_type=\"widget\" data-widget_type=\"text-editor.default\">\n\t\t\t\t<div class=\"elementor-widget-container\">\n\t\t\t\t\t\t\t<p>Hver person har unikke erfaringer, tr\u00e6ningsvaner, spisevaner og anvender informationen forskelligt. Dette er ikke en erstatning for l\u00e6gelig r\u00e5dgivning. R\u00e5df\u00f8r dig med en l\u00e6ge, f\u00f8r du begynder p\u00e5 et tr\u00e6nings- eller kostprogram.<\/p>\n\t\t\t\t\t\t<\/div>\n\t\t\t\t<\/div>\n\t\t\t\t<div class=\"elementor-element elementor-element-d916c93 elementor-widget elementor-widget-text-editor\" data-id=\"d916c93\" data-element_type=\"widget\" data-widget_type=\"text-editor.default\">\n\t\t\t\t<div class=\"elementor-widget-container\">\n\t\t\t\t\t\t\t<p>Det anbefales at konsultere din l\u00e6ge eller apoteker f\u00f8r brug. Opbevares p\u00e5 et sted, der er utilg\u00e6ngeligt for b\u00f8rn! Overskrid ikke den anbefalede daglige dosis! Opbevares i originalemballagen p\u00e5 et t\u00f8rt sted ved stuetemperatur! Brug ikke kosttilskuddet som erstatning for en sund og afbalanceret kost! Til gravide og ammende, brug kun efter samr\u00e5d med en l\u00e6ge.<\/p>\n\t\t\t\t\t\t<\/div>\n\t\t\t\t<\/div>\n\t\t\t\t\t<\/div>\n\t\t\t\t<\/div>\n\t\t\t\t\t<\/div>\n\t\t\t\t<\/div>\n\t\t\t\t<\/div>\n\t\t","protected":false},"excerpt":{"rendered":"<p>Ingredienser Ingredienser Ingrediens &#8211; 1 tablet % AF NRV* Calcium 360 mg 45 % Magnesium 80 mg 21.3 % Cinamon-ekstrakt 4:1 30 mg ** Berberin 4:1 30 mg ** E-vitamin 15 mg \u03b1-TE 125 % Ekstrakt af r\u00f8d g\u00e6rris 4:1 30 mg ** B3-vitamin 18 mg 56.1 % Bukkehornsekstrakt 20:1 10 mg ** D3-vitamin 1000 [&hellip;]<\/p>\n","protected":false},"author":1,"featured_media":0,"parent":0,"menu_order":0,"comment_status":"closed","ping_status":"closed","template":"elementor_header_footer","meta":{"_acf_changed":false,"bwfblock_default_font":"","inline_featured_image":false,"footnotes":""},"class_list":["post-3638","page","type-page","status-publish","hentry"],"acf":[],"_links":{"self":[{"href":"https:\/\/staging.glucofit.co\/da\/wp-json\/wp\/v2\/pages\/3638"}],"collection":[{"href":"https:\/\/staging.glucofit.co\/da\/wp-json\/wp\/v2\/pages"}],"about":[{"href":"https:\/\/staging.glucofit.co\/da\/wp-json\/wp\/v2\/types\/page"}],"author":[{"embeddable":true,"href":"https:\/\/staging.glucofit.co\/da\/wp-json\/wp\/v2\/users\/1"}],"replies":[{"embeddable":true,"href":"https:\/\/staging.glucofit.co\/da\/wp-json\/wp\/v2\/comments?post=3638"}],"version-history":[{"count":16,"href":"https:\/\/staging.glucofit.co\/da\/wp-json\/wp\/v2\/pages\/3638\/revisions"}],"predecessor-version":[{"id":5321,"href":"https:\/\/staging.glucofit.co\/da\/wp-json\/wp\/v2\/pages\/3638\/revisions\/5321"}],"wp:attachment":[{"href":"https:\/\/staging.glucofit.co\/da\/wp-json\/wp\/v2\/media?parent=3638"}],"curies":[{"name":"wp","href":"https:\/\/api.w.org\/{rel}","templated":true}]}}